{"id":2,"date":"2022-12-13T16:37:24","date_gmt":"2022-12-13T16:37:24","guid":{"rendered":"http:\/\/solstiziofit.com\/?page_id=2"},"modified":"2023-01-05T10:34:14","modified_gmt":"2023-01-05T16:34:14","slug":"about-us","status":"publish","type":"page","link":"https:\/\/solstiziofit.com\/es\/about-us\/","title":{"rendered":"Sobre nosotros"},"content":{"rendered":"<p>Un Solstizio (Solsticio en italiano) ocurre dos veces al a\u00f1o, cuando el sol alcanza su punto m\u00e1s alto o m\u00e1s bajo absoluto. Significan c\u00f3mo cambia la vida en la Tierra en relaci\u00f3n con el Sol y c\u00f3mo nuestras estaciones dan forma a nuestro mundo. El solsticio es un momento para reflexionar sobre el crecimiento personal y expandir nuestra conciencia hacia el reino de la posibilidad. <\/p>\n\n\n\n<p>En Solstizio Personal Fitness queremos ayudarte a alcanzar el punto m\u00e1s alto de tu salud, asegur\u00e1ndonos de que construyas una base s\u00f3lida para envejecer con gracia y prolongar tus d\u00edas de \u201cverano\u201d.<\/p>\n\n\n<div class=\"wp-block-image\">\n<figure class=\"aligncenter size-large is-resized\"><img loading=\"lazy\" decoding=\"async\" src=\"https:\/\/solstiziofit.com\/wp-content\/uploads\/2022\/12\/pexels-admiral-general-m-\u2b50\u2b50\u2b50\u2b50\u2b50-godshepherdly-694587-1024x1024.jpg\" alt=\"\" class=\"wp-image-26\" width=\"501\" height=\"501\" srcset=\"https:\/\/solstiziofit.com\/wp-content\/uploads\/2022\/12\/pexels-admiral-general-m-\u2b50\u2b50\u2b50\u2b50\u2b50-godshepherdly-694587-1024x1024.jpg 1024w, https:\/\/solstiziofit.com\/wp-content\/uploads\/2022\/12\/pexels-admiral-general-m-\u2b50\u2b50\u2b50\u2b50\u2b50-godshepherdly-694587-300x300.jpg 300w, https:\/\/solstiziofit.com\/wp-content\/uploads\/2022\/12\/pexels-admiral-general-m-\u2b50\u2b50\u2b50\u2b50\u2b50-godshepherdly-694587-150x150.jpg 150w, https:\/\/solstiziofit.com\/wp-content\/uploads\/2022\/12\/pexels-admiral-general-m-\u2b50\u2b50\u2b50\u2b50\u2b50-godshepherdly-694587-768x768.jpg 768w, https:\/\/solstiziofit.com\/wp-content\/uploads\/2022\/12\/pexels-admiral-general-m-\u2b50\u2b50\u2b50\u2b50\u2b50-godshepherdly-694587-1536x1536.jpg 1536w, https:\/\/solstiziofit.com\/wp-content\/uploads\/2022\/12\/pexels-admiral-general-m-\u2b50\u2b50\u2b50\u2b50\u2b50-godshepherdly-694587-2048x2048.jpg 2048w, https:\/\/solstiziofit.com\/wp-content\/uploads\/2022\/12\/pexels-admiral-general-m-\u2b50\u2b50\u2b50\u2b50\u2b50-godshepherdly-694587-1200x1200.jpg 1200w, https:\/\/solstiziofit.com\/wp-content\/uploads\/2022\/12\/pexels-admiral-general-m-\u2b50\u2b50\u2b50\u2b50\u2b50-godshepherdly-694587-600x600.jpg 600w\" sizes=\"auto, (max-width: 501px) 100vw, 501px\" \/><\/figure>\n<\/div>\n\n\n<p><\/p>\n\n\n\n<p>Nuestro modelo Blueprint es un modelo de capacitaci\u00f3n basado en la ciencia que se utiliza para crear programas de capacitaci\u00f3n espec\u00edficos y personalizados para lograr cualquier objetivo. Incorporamos principios probados por la ciencia para ayudarlo a alcanzar sus objetivos hoy y desarrollar su salud para el futuro. Incorpora programas de ejercicio, gu\u00edas de nutrici\u00f3n, t\u00e9cnicas de meditaci\u00f3n y cambios de estilo de vida que son a prueba de fallas en cualquier situaci\u00f3n.<\/p>\n\n\n<div class=\"wp-block-image\">\n<figure class=\"aligncenter size-large is-resized\"><img loading=\"lazy\" decoding=\"async\" src=\"https:\/\/solstiziofit.com\/wp-content\/uploads\/2022\/12\/3d-render-medical-background-with-vitruvian-style-male-figure-1-1024x1024.jpg\" alt=\"\" class=\"wp-image-32\" width=\"493\" height=\"493\" srcset=\"https:\/\/solstiziofit.com\/wp-content\/uploads\/2022\/12\/3d-render-medical-background-with-vitruvian-style-male-figure-1-1024x1024.jpg 1024w, https:\/\/solstiziofit.com\/wp-content\/uploads\/2022\/12\/3d-render-medical-background-with-vitruvian-style-male-figure-1-300x300.jpg 300w, https:\/\/solstiziofit.com\/wp-content\/uploads\/2022\/12\/3d-render-medical-background-with-vitruvian-style-male-figure-1-150x150.jpg 150w, https:\/\/solstiziofit.com\/wp-content\/uploads\/2022\/12\/3d-render-medical-background-with-vitruvian-style-male-figure-1-768x768.jpg 768w, https:\/\/solstiziofit.com\/wp-content\/uploads\/2022\/12\/3d-render-medical-background-with-vitruvian-style-male-figure-1-1536x1536.jpg 1536w, https:\/\/solstiziofit.com\/wp-content\/uploads\/2022\/12\/3d-render-medical-background-with-vitruvian-style-male-figure-1-2048x2048.jpg 2048w, https:\/\/solstiziofit.com\/wp-content\/uploads\/2022\/12\/3d-render-medical-background-with-vitruvian-style-male-figure-1-1200x1200.jpg 1200w, https:\/\/solstiziofit.com\/wp-content\/uploads\/2022\/12\/3d-render-medical-background-with-vitruvian-style-male-figure-1-600x600.jpg 600w\" sizes=\"auto, (max-width: 493px) 100vw, 493px\" \/><figcaption class=\"wp-element-caption\"><a href=\"https:\/\/www.freepik.com\/free-photo\/3d-render-medical-background-with-vitruvian-style-male-figure_10167255.htm#query=vitruvian%20man&amp;position=1&amp;from_view=keyword\">Imagen de kjpargeter<\/a> en Freepik<\/figcaption><\/figure>\n<\/div>\n\n\n<p>En Solstizio Fitness creemos que <em>Salud <\/em>es un estado de bienestar f\u00edsico, mental, social y espiritual y no meramente la ausencia de afecciones o enfermedades. No solo de sus condiciones presentes, sino tambi\u00e9n de las futuras. Dar pasos definitivos hoy para adquirir h\u00e1bitos nuevos y m\u00e1s saludables asegurar\u00e1 que pueda vivir m\u00e1s y m\u00e1s feliz.<\/p>\n\n\n\n<p><\/p>\n\n\n\n<p><strong>Historia personal<\/strong><\/p>\n\n\n\n<p>Tengo 41 a\u00f1os, pero no me he visto as\u00ed en toda mi vida. De hecho, todo lo contrario, fui el gordo gordito durante toda la escuela y gran parte de la edad adulta. Cuando estaba por cumplir 30 a\u00f1os me di cuenta que necesitaba hacer cambios. Toda mi familia tiene diferentes enfermedades, colesterol alto, presi\u00f3n arterial alta, enfermedades del coraz\u00f3n, c\u00e1ncer, diabetes, alzheimer, lo que sea. La \u00fanica forma de crear un futuro mejor para m\u00ed y mi familia era tomar medidas, y as\u00ed lo hice. Perd\u00ed una cuarta parte de mi peso, de 220 libras a 160 libras en solo unos meses.&nbsp;<\/p>\n\n\n<div class=\"wp-block-image\">\n<figure class=\"aligncenter size-full is-resized\"><img loading=\"lazy\" decoding=\"async\" src=\"https:\/\/solstiziofit.com\/wp-content\/uploads\/2022\/12\/156080990_10224971737220617_1714520866233363614_n.jpg\" alt=\"\" class=\"wp-image-29\" width=\"477\" height=\"636\" srcset=\"https:\/\/solstiziofit.com\/wp-content\/uploads\/2022\/12\/156080990_10224971737220617_1714520866233363614_n.jpg 720w, https:\/\/solstiziofit.com\/wp-content\/uploads\/2022\/12\/156080990_10224971737220617_1714520866233363614_n-225x300.jpg 225w\" sizes=\"auto, (max-width: 477px) 100vw, 477px\" \/><\/figure>\n<\/div>\n\n\n<p>De no poder correr m\u00e1s de 5 minutos seguidos, corr\u00eda 10k bajo el sol del Caribe. Al comer basura todos los d\u00edas, ahora aprend\u00ed a elegir buenos alimentos y equilibrar los macronutrientes. No era una dieta m\u00e1s, era un cambio de mentalidad, un nuevo yo.<\/p>\n\n\n\n<p>Aqu\u00ed estoy, m\u00e1s de 12 a\u00f1os despu\u00e9s, con numerosas carreras completadas (Marat\u00f3n, medio marat\u00f3n, 10k, carreras de obst\u00e1culos y m\u00e1s), con un certificado de Entrenador Personal y Especialista en Nutrici\u00f3n en mi haber, parte del equipo de embajadores Spartan, y despu\u00e9s de ayudar a muchas personas a mejorar su salud.<\/p>\n\n\n<div class=\"wp-block-image\">\n<figure class=\"aligncenter size-large\"><img loading=\"lazy\" decoding=\"async\" width=\"674\" height=\"1024\" src=\"https:\/\/solstiziofit.com\/wp-content\/uploads\/2022\/12\/collage-674x1024.jpg\" alt=\"\" class=\"wp-image-28\" srcset=\"https:\/\/solstiziofit.com\/wp-content\/uploads\/2022\/12\/collage-674x1024.jpg 674w, https:\/\/solstiziofit.com\/wp-content\/uploads\/2022\/12\/collage-197x300.jpg 197w, https:\/\/solstiziofit.com\/wp-content\/uploads\/2022\/12\/collage-768x1167.jpg 768w, https:\/\/solstiziofit.com\/wp-content\/uploads\/2022\/12\/collage-1011x1536.jpg 1011w, https:\/\/solstiziofit.com\/wp-content\/uploads\/2022\/12\/collage.jpg 1053w\" sizes=\"auto, (max-width: 674px) 100vw, 674px\" \/><\/figure>\n<\/div>\n\n\n<p>La vida tiene sus altibajos y no siempre nos da una mano justa, pero todos somos capaces de mucho m\u00e1s de lo que creemos. Trabajo duro todos los d\u00edas para comprarme una vida mejor a medida que envejezco, para poder jugar con mis hijos y nietos, para envejecer con gracia. Y quiero ayudarte a lograr lo mismo. <\/p>","protected":false},"excerpt":{"rendered":"<p>A Solstizio (Solstice in Italian) occurs twice a year, when the sun reaches its absolute highest or lowest point. They signify how life on Earth changes in connection to the Sun and how our seasons shape our world. Solstice is a time to reflect on personal growth and expand our consciousness into the realm of [&hellip;]<\/p>\n","protected":false},"author":1,"featured_media":0,"parent":0,"menu_order":0,"comment_status":"closed","ping_status":"open","template":"","meta":{"_regular_price":[],"currency_symbol":[],"footnotes":""},"class_list":["post-2","page","type-page","status-publish","hentry"],"post_slider_layout_featured_media_urls":{"thumbnail":"","post_slider_layout_landscape_large":"","post_slider_layout_portrait_large":"","post_slider_layout_square_large":"","post_slider_layout_landscape":"","post_slider_layout_portrait":"","post_slider_layout_square":"","full":""},"_links":{"self":[{"href":"https:\/\/solstiziofit.com\/es\/wp-json\/wp\/v2\/pages\/2","targetHints":{"allow":["GET"]}}],"collection":[{"href":"https:\/\/solstiziofit.com\/es\/wp-json\/wp\/v2\/pages"}],"about":[{"href":"https:\/\/solstiziofit.com\/es\/wp-json\/wp\/v2\/types\/page"}],"author":[{"embeddable":true,"href":"https:\/\/solstiziofit.com\/es\/wp-json\/wp\/v2\/users\/1"}],"replies":[{"embeddable":true,"href":"https:\/\/solstiziofit.com\/es\/wp-json\/wp\/v2\/comments?post=2"}],"version-history":[{"count":4,"href":"https:\/\/solstiziofit.com\/es\/wp-json\/wp\/v2\/pages\/2\/revisions"}],"predecessor-version":[{"id":206,"href":"https:\/\/solstiziofit.com\/es\/wp-json\/wp\/v2\/pages\/2\/revisions\/206"}],"wp:attachment":[{"href":"https:\/\/solstiziofit.com\/es\/wp-json\/wp\/v2\/media?parent=2"}],"curies":[{"name":"wp","href":"https:\/\/api.w.org\/{rel}","templated":true}]}}